{"id":588,"date":"2015-07-14T03:55:52","date_gmt":"2015-07-14T07:55:52","guid":{"rendered":"http:\/\/www.michiganballroomteam.com\/?page_id=588"},"modified":"2026-04-30T17:45:35","modified_gmt":"2026-04-30T21:45:35","slug":"american-rumba","status":"publish","type":"page","link":"https:\/\/www.michiganballroomteam.com\/?page_id=588","title":{"rendered":"American Rumba"},"content":{"rendered":"\t\t<div data-elementor-type=\"wp-page\" data-elementor-id=\"588\" class=\"elementor elementor-588\">\n\t\t\t\t\t\t<section class=\"elementor-section elementor-top-section elementor-element elementor-element-89d8d1e elementor-section-boxed elementor-section-height-default elementor-section-height-default\" data-id=\"89d8d1e\" data-element_type=\"section\">\n\t\t\t\t\t\t<div class=\"elementor-container elementor-column-gap-default\">\n\t\t\t\t\t<div class=\"elementor-column elementor-col-100 elementor-top-column elementor-element elementor-element-5f681eb\" data-id=\"5f681eb\" data-element_type=\"column\">\n\t\t\t<div class=\"elementor-widget-wrap elementor-element-populated\">\n\t\t\t\t\t\t<div class=\"elementor-element elementor-element-41eec73 elementor-widget elementor-widget-text-editor\" data-id=\"41eec73\" data-element_type=\"widget\" data-widget_type=\"text-editor.default\">\n\t\t\t\t<div class=\"elementor-widget-container\">\n\t\t\t\t\t\t\t<p><!--[if lt IE 9]><script>document.createElement('audio');<\/script><![endif]-->\n\t<div class=\"wp-playlist wp-audio-playlist wp-playlist-light\">\n\t\t\t<div class=\"wp-playlist-current-item\"><\/div>\n\t\t<audio controls=\"controls\" preload=\"none\" width=\"928\"\n\t\t\t><\/audio>\n\t<div class=\"wp-playlist-next\"><\/div>\n\t<div class=\"wp-playlist-prev\"><\/div>\n\t<noscript>\n\t<ol>\n\t\t<li><a href='https:\/\/www.michiganballroomteam.com\/wp-content\/uploads\/2015\/07\/Amado-Mio.mp3'>Amado Mio<\/a><\/li><li><a href='https:\/\/www.michiganballroomteam.com\/wp-content\/uploads\/2015\/07\/Bones-Bugalu.mp3'>Bones Bugalu<\/a><\/li><li><a href='https:\/\/www.michiganballroomteam.com\/wp-content\/uploads\/2015\/07\/Everything.mp3'>Everything<\/a><\/li><li><a href='https:\/\/www.michiganballroomteam.com\/wp-content\/uploads\/2015\/07\/Gipsy-Tango.mp3'>Gipsy Tango<\/a><\/li><li><a href='https:\/\/www.michiganballroomteam.com\/wp-content\/uploads\/2015\/07\/Give-It-to-Me-Right.mp3'>Give It to Me Right<\/a><\/li><li><a href='https:\/\/www.michiganballroomteam.com\/wp-content\/uploads\/2015\/07\/Kiss-the-Girl.mp3'>Kiss the Girl<\/a><\/li><li><a href='https:\/\/www.michiganballroomteam.com\/wp-content\/uploads\/2015\/07\/Quando-Quando-Quando-Ft.-Nelly-Furtado.mp3'>Quando Quando Quando (Ft. Nelly Furtado)<\/a><\/li><li><a href='https:\/\/www.michiganballroomteam.com\/wp-content\/uploads\/2015\/07\/Quiz\u00e1s-Quiz\u00e1s-Quiz\u00e1s.mp3'>Quiza\u0301s Quiza\u0301s Quiza\u0301s<\/a><\/li><li><a href='https:\/\/www.michiganballroomteam.com\/wp-content\/uploads\/2015\/07\/Ring-My-Bells.mp3'>Ring My Bells<\/a><\/li><li><a href='https:\/\/www.michiganballroomteam.com\/wp-content\/uploads\/2015\/07\/Save-The-Last-Dance-For-Me.mp3'>Save The Last Dance For Me<\/a><\/li><li><a href='https:\/\/www.michiganballroomteam.com\/wp-content\/uploads\/2015\/07\/Stand-By-Me.mp3'>Stand By Me<\/a><\/li><li><a href='https:\/\/www.michiganballroomteam.com\/wp-content\/uploads\/2015\/07\/Sway.mp3'>Sway<\/a><\/li><li><a href='https:\/\/www.michiganballroomteam.com\/wp-content\/uploads\/2015\/07\/Till-There-Was-You.mp3'>Till There Was You<\/a><\/li><li><a href='https:\/\/www.michiganballroomteam.com\/wp-content\/uploads\/2015\/07\/Valentine.mp3'>Valentine<\/a><\/li><li><a href='https:\/\/www.michiganballroomteam.com\/wp-content\/uploads\/2015\/07\/Whatever-Lola-Wants.mp3'>Whatever Lola Wants<\/a><\/li>\t<\/ol>\n\t<\/noscript>\n\t<script type=\"application\/json\" class=\"wp-playlist-script\">{\"type\":\"audio\",\"tracklist\":true,\"tracknumbers\":true,\"images\":true,\"artists\":true,\"tracks\":[{\"src\":\"https:\\\/\\\/www.michiganballroomteam.com\\\/wp-content\\\/uploads\\\/2015\\\/07\\\/Amado-Mio.mp3\",\"type\":\"audio\\\/mpeg\",\"title\":\"Amado Mio\",\"caption\":\"\",\"description\":\"\\\"Amado Mio\\\" from A Retrospective by Pink Martini. Released: 2011. Track 17 of 21. Genre: Jazz.\",\"meta\":{\"artist\":\"Pink Martini\",\"album\":\"A Retrospective\",\"genre\":\"Jazz\",\"year\":\"2011\",\"length_formatted\":\"4:48\"},\"image\":{\"src\":\"https:\\\/\\\/www.michiganballroomteam.com\\\/wp-content\\\/uploads\\\/2015\\\/07\\\/Amado-Mio-mp3-image.jpg\",\"width\":600,\"height\":600},\"thumb\":{\"src\":\"https:\\\/\\\/www.michiganballroomteam.com\\\/wp-content\\\/uploads\\\/2015\\\/07\\\/Amado-Mio-mp3-image-53x53.jpg\",\"width\":53,\"height\":53}},{\"src\":\"https:\\\/\\\/www.michiganballroomteam.com\\\/wp-content\\\/uploads\\\/2015\\\/07\\\/Bones-Bugalu.mp3\",\"type\":\"audio\\\/mpeg\",\"title\":\"Bones Bugalu\",\"caption\":\"\",\"description\":\"\\\"Bones Bugalu\\\" from Putumayo Presents \\u00a1Baila! - A Latin Dance Party by Gabriel Rios. Released: 2004. Track 4 of 11. Genre: World.\",\"meta\":{\"artist\":\"Gabriel Rios\",\"album\":\"Putumayo Presents \\u00a1Baila! - A Latin Dance Party\",\"genre\":\"World\",\"year\":\"2004\",\"length_formatted\":\"3:19\"},\"image\":{\"src\":\"https:\\\/\\\/www.michiganballroomteam.com\\\/wp-content\\\/uploads\\\/2015\\\/07\\\/Bones-Bugalu-mp3-image.png\",\"width\":499,\"height\":450},\"thumb\":{\"src\":\"https:\\\/\\\/www.michiganballroomteam.com\\\/wp-content\\\/uploads\\\/2015\\\/07\\\/Bones-Bugalu-mp3-image-53x53.png\",\"width\":53,\"height\":53}},{\"src\":\"https:\\\/\\\/www.michiganballroomteam.com\\\/wp-content\\\/uploads\\\/2015\\\/07\\\/Everything.mp3\",\"type\":\"audio\\\/mpeg\",\"title\":\"Everything\",\"caption\":\"\",\"description\":\"\\\"Everything\\\" by Michael Buble.\",\"meta\":{\"artist\":\"Michael Buble\",\"length_formatted\":\"3:25\"},\"image\":{\"src\":\"https:\\\/\\\/www.michiganballroomteam.com\\\/wp-includes\\\/images\\\/media\\\/audio.svg\",\"width\":48,\"height\":64},\"thumb\":{\"src\":\"https:\\\/\\\/www.michiganballroomteam.com\\\/wp-includes\\\/images\\\/media\\\/audio.svg\",\"width\":48,\"height\":64}},{\"src\":\"https:\\\/\\\/www.michiganballroomteam.com\\\/wp-content\\\/uploads\\\/2015\\\/07\\\/Gipsy-Tango.mp3\",\"type\":\"audio\\\/mpeg\",\"title\":\"Gipsy Tango\",\"caption\":\"\",\"description\":\"\\\"Gipsy Tango\\\" from Putumayo Presents - Tango Around The World by Earth Wheel Sky Band. Released: 2006. Track 8 of 11. Genre: World.\",\"meta\":{\"artist\":\"Earth Wheel Sky Band\",\"album\":\"Putumayo Presents - Tango Around The World\",\"genre\":\"World\",\"year\":\"2006\",\"length_formatted\":\"2:50\"},\"image\":{\"src\":\"https:\\\/\\\/www.michiganballroomteam.com\\\/wp-content\\\/uploads\\\/2015\\\/07\\\/Kangastus-m4a-image.png\",\"width\":400,\"height\":400},\"thumb\":{\"src\":\"https:\\\/\\\/www.michiganballroomteam.com\\\/wp-content\\\/uploads\\\/2015\\\/07\\\/Kangastus-m4a-image-53x53.png\",\"width\":53,\"height\":53}},{\"src\":\"https:\\\/\\\/www.michiganballroomteam.com\\\/wp-content\\\/uploads\\\/2015\\\/07\\\/Give-It-to-Me-Right.mp3\",\"type\":\"audio\\\/mpeg\",\"title\":\"Give It to Me Right\",\"caption\":\"\",\"description\":\"\\\"Give It to Me Right\\\" from The Bridge by Melanie Fiona. Released: 2009. Track 1 of 12. Genre: Rumba AM.\",\"meta\":{\"artist\":\"Melanie Fiona\",\"album\":\"The Bridge\",\"genre\":\"Rumba AM\",\"year\":\"2009\",\"length_formatted\":\"3:43\"},\"image\":{\"src\":\"https:\\\/\\\/www.michiganballroomteam.com\\\/wp-content\\\/uploads\\\/2015\\\/07\\\/Give-It-to-Me-Right-mp3-image.jpg\",\"width\":600,\"height\":600},\"thumb\":{\"src\":\"https:\\\/\\\/www.michiganballroomteam.com\\\/wp-content\\\/uploads\\\/2015\\\/07\\\/Give-It-to-Me-Right-mp3-image-53x53.jpg\",\"width\":53,\"height\":53}},{\"src\":\"https:\\\/\\\/www.michiganballroomteam.com\\\/wp-content\\\/uploads\\\/2015\\\/07\\\/Kiss-the-Girl.mp3\",\"type\":\"audio\\\/mpeg\",\"title\":\"Kiss the Girl\",\"caption\":\"\",\"description\":\"\\\"Kiss the Girl\\\" by Disney.\",\"meta\":{\"artist\":\"Disney\",\"length_formatted\":\"3:06\"},\"image\":{\"src\":\"https:\\\/\\\/www.michiganballroomteam.com\\\/wp-includes\\\/images\\\/media\\\/audio.svg\",\"width\":48,\"height\":64},\"thumb\":{\"src\":\"https:\\\/\\\/www.michiganballroomteam.com\\\/wp-includes\\\/images\\\/media\\\/audio.svg\",\"width\":48,\"height\":64}},{\"src\":\"https:\\\/\\\/www.michiganballroomteam.com\\\/wp-content\\\/uploads\\\/2015\\\/07\\\/Quando-Quando-Quando-Ft.-Nelly-Furtado.mp3\",\"type\":\"audio\\\/mpeg\",\"title\":\"Quando Quando Quando (Ft. Nelly Furtado)\",\"caption\":\"\",\"description\":\"\\\"Quando Quando Quando (Ft. Nelly Furtado)\\\" by Michael Bubl\\u00e9. Track 255. Genre: Rumba AM.\",\"meta\":{\"artist\":\"Michael Bubl\\u00e9\",\"genre\":\"Rumba AM\",\"length_formatted\":\"4:45\"},\"image\":{\"src\":\"https:\\\/\\\/www.michiganballroomteam.com\\\/wp-includes\\\/images\\\/media\\\/audio.svg\",\"width\":48,\"height\":64},\"thumb\":{\"src\":\"https:\\\/\\\/www.michiganballroomteam.com\\\/wp-includes\\\/images\\\/media\\\/audio.svg\",\"width\":48,\"height\":64}},{\"src\":\"https:\\\/\\\/www.michiganballroomteam.com\\\/wp-content\\\/uploads\\\/2015\\\/07\\\/Quiz\\u00e1s-Quiz\\u00e1s-Quiz\\u00e1s.mp3\",\"type\":\"audio\\\/mpeg\",\"title\":\"Quiza\\u0301s Quiza\\u0301s Quiza\\u0301s\",\"caption\":\"\",\"description\":\"\\\"Quiza\\u0301s Quiza\\u0301s Quiza\\u0301s\\\".\",\"meta\":{\"length_formatted\":\"2:45\"},\"image\":{\"src\":\"https:\\\/\\\/www.michiganballroomteam.com\\\/wp-includes\\\/images\\\/media\\\/audio.svg\",\"width\":48,\"height\":64},\"thumb\":{\"src\":\"https:\\\/\\\/www.michiganballroomteam.com\\\/wp-includes\\\/images\\\/media\\\/audio.svg\",\"width\":48,\"height\":64}},{\"src\":\"https:\\\/\\\/www.michiganballroomteam.com\\\/wp-content\\\/uploads\\\/2015\\\/07\\\/Ring-My-Bells.mp3\",\"type\":\"audio\\\/mpeg\",\"title\":\"Ring My Bells\",\"caption\":\"\",\"description\":\"\\\"Ring My Bells\\\" from Insomniac by Enrique Iglesias. Released: 2007. Track 1 of 15. Genre: Rumba AM.\",\"meta\":[],\"image\":{\"src\":\"https:\\\/\\\/www.michiganballroomteam.com\\\/wp-content\\\/uploads\\\/2015\\\/07\\\/Ring-My-Bells-mp3-image.jpg\",\"width\":600,\"height\":600},\"thumb\":{\"src\":\"https:\\\/\\\/www.michiganballroomteam.com\\\/wp-content\\\/uploads\\\/2015\\\/07\\\/Ring-My-Bells-mp3-image-53x53.jpg\",\"width\":53,\"height\":53}},{\"src\":\"https:\\\/\\\/www.michiganballroomteam.com\\\/wp-content\\\/uploads\\\/2015\\\/07\\\/Save-The-Last-Dance-For-Me.mp3\",\"type\":\"audio\\\/mpeg\",\"title\":\"Save The Last Dance For Me\",\"caption\":\"\",\"description\":\"\\\"Save The Last Dance For Me\\\" from It's Time by Michael Bubl\\u00e9. Released: 2005. Track 8 of 15. Genre: Rumba AM.\",\"meta\":{\"artist\":\"Michael Bubl\\u00e9\",\"album\":\"It's Time\",\"genre\":\"Rumba AM\",\"year\":\"2005\",\"length_formatted\":\"3:39\"},\"image\":{\"src\":\"https:\\\/\\\/www.michiganballroomteam.com\\\/wp-content\\\/uploads\\\/2015\\\/07\\\/Save-The-Last-Dance-For-Me-mp3-image.jpg\",\"width\":500,\"height\":444},\"thumb\":{\"src\":\"https:\\\/\\\/www.michiganballroomteam.com\\\/wp-content\\\/uploads\\\/2015\\\/07\\\/Save-The-Last-Dance-For-Me-mp3-image-53x53.jpg\",\"width\":53,\"height\":53}},{\"src\":\"https:\\\/\\\/www.michiganballroomteam.com\\\/wp-content\\\/uploads\\\/2015\\\/07\\\/Stand-By-Me.mp3\",\"type\":\"audio\\\/mpeg\",\"title\":\"Stand By Me\",\"caption\":\"\",\"description\":\"\\\"Stand By Me\\\" from Prince Royce by Prince Royce. Released: 2011. Track 1 of 10. Genre: Rumba AM.\",\"meta\":{\"artist\":\"Prince Royce\",\"album\":\"Prince Royce\",\"genre\":\"Rumba AM\",\"year\":\"2011\",\"length_formatted\":\"3:25\"},\"image\":{\"src\":\"https:\\\/\\\/www.michiganballroomteam.com\\\/wp-content\\\/uploads\\\/2015\\\/07\\\/Stand-By-Me-mp3-image.jpg\",\"width\":600,\"height\":600},\"thumb\":{\"src\":\"https:\\\/\\\/www.michiganballroomteam.com\\\/wp-content\\\/uploads\\\/2015\\\/07\\\/Stand-By-Me-mp3-image-53x53.jpg\",\"width\":53,\"height\":53}},{\"src\":\"https:\\\/\\\/www.michiganballroomteam.com\\\/wp-content\\\/uploads\\\/2015\\\/07\\\/Sway.mp3\",\"type\":\"audio\\\/mpeg\",\"title\":\"Sway\",\"caption\":\"\",\"description\":\"\\\"Sway\\\" from Michael Buble by Michael Buble. Released: 2003. Track 10. Genre: Cha-Cha.\",\"meta\":{\"artist\":\"Michael Buble\",\"album\":\"Michael Buble\",\"genre\":\"Cha-Cha\",\"year\":\"2003\",\"length_formatted\":\"3:09\"},\"image\":{\"src\":\"https:\\\/\\\/www.michiganballroomteam.com\\\/wp-includes\\\/images\\\/media\\\/audio.svg\",\"width\":48,\"height\":64},\"thumb\":{\"src\":\"https:\\\/\\\/www.michiganballroomteam.com\\\/wp-includes\\\/images\\\/media\\\/audio.svg\",\"width\":48,\"height\":64}},{\"src\":\"https:\\\/\\\/www.michiganballroomteam.com\\\/wp-content\\\/uploads\\\/2015\\\/07\\\/Till-There-Was-You.mp3\",\"type\":\"audio\\\/mpeg\",\"title\":\"Till There Was You\",\"caption\":\"\",\"description\":\"\\\"Till There Was You\\\" by The Beatles.\",\"meta\":{\"artist\":\"The Beatles\",\"length_formatted\":\"2:17\"},\"image\":{\"src\":\"https:\\\/\\\/www.michiganballroomteam.com\\\/wp-includes\\\/images\\\/media\\\/audio.svg\",\"width\":48,\"height\":64},\"thumb\":{\"src\":\"https:\\\/\\\/www.michiganballroomteam.com\\\/wp-includes\\\/images\\\/media\\\/audio.svg\",\"width\":48,\"height\":64}},{\"src\":\"https:\\\/\\\/www.michiganballroomteam.com\\\/wp-content\\\/uploads\\\/2015\\\/07\\\/Valentine.mp3\",\"type\":\"audio\\\/mpeg\",\"title\":\"Valentine\",\"caption\":\"\",\"description\":\"\\\"Valentine\\\" from Stairwells by Kina Grannis. Released: 2010. Track 3 of 14. Genre: Rumba AM.\",\"meta\":{\"artist\":\"Kina Grannis\",\"album\":\"Stairwells\",\"genre\":\"Rumba AM\",\"year\":\"2010\",\"length_formatted\":\"2:32\"},\"image\":{\"src\":\"https:\\\/\\\/www.michiganballroomteam.com\\\/wp-content\\\/uploads\\\/2015\\\/07\\\/Valentine-mp3-image.jpg\",\"width\":600,\"height\":600},\"thumb\":{\"src\":\"https:\\\/\\\/www.michiganballroomteam.com\\\/wp-content\\\/uploads\\\/2015\\\/07\\\/Valentine-mp3-image-53x53.jpg\",\"width\":53,\"height\":53}},{\"src\":\"https:\\\/\\\/www.michiganballroomteam.com\\\/wp-content\\\/uploads\\\/2015\\\/07\\\/Whatever-Lola-Wants.mp3\",\"type\":\"audio\\\/mpeg\",\"title\":\"Whatever Lola Wants\",\"caption\":\"\",\"description\":\"\\\"Whatever Lola Wants\\\" by Sara Vaughan.\",\"meta\":{\"artist\":\"Sara Vaughan\",\"length_formatted\":\"2:37\"},\"image\":{\"src\":\"https:\\\/\\\/www.michiganballroomteam.com\\\/wp-includes\\\/images\\\/media\\\/audio.svg\",\"width\":48,\"height\":64},\"thumb\":{\"src\":\"https:\\\/\\\/www.michiganballroomteam.com\\\/wp-includes\\\/images\\\/media\\\/audio.svg\",\"width\":48,\"height\":64}}]}<\/script>\n<\/div>\n\t<\/p>\t\t\t\t\t\t<\/div>\n\t\t\t\t<\/div>\n\t\t\t\t\t<\/div>\n\t\t<\/div>\n\t\t\t\t\t<\/div>\n\t\t<\/section>\n\t\t\t\t<\/div>\n\t\t","protected":false},"excerpt":{"rendered":"","protected":false},"author":1,"featured_media":0,"parent":581,"menu_order":0,"comment_status":"closed","ping_status":"closed","template":"","meta":{"_exactmetrics_skip_tracking":false,"_exactmetrics_sitenote_active":false,"_exactmetrics_sitenote_note":"","_exactmetrics_sitenote_category":0,"footnotes":""},"yoast_head":"<!-- This site is optimized with the Yoast SEO plugin v22.9 - https:\/\/yoast.com\/wordpress\/plugins\/seo\/ -->\n<title>American Rumba - Michigan Ballroom Dance Team<\/title>\n<meta name=\"robots\" content=\"index, follow, max-snippet:-1, max-image-preview:large, max-video-preview:-1\" \/>\n<link rel=\"canonical\" href=\"https:\/\/www.michiganballroomteam.com\/?page_id=588\" \/>\n<meta property=\"og:locale\" content=\"en_US\" \/>\n<meta property=\"og:type\" content=\"article\" \/>\n<meta property=\"og:title\" content=\"American Rumba - Michigan Ballroom Dance Team\" \/>\n<meta property=\"og:url\" content=\"https:\/\/www.michiganballroomteam.com\/?page_id=588\" \/>\n<meta property=\"og:site_name\" content=\"Michigan Ballroom Dance Team\" \/>\n<meta property=\"article:publisher\" content=\"https:\/\/www.facebook.com\/UMBDT\" \/>\n<meta property=\"article:modified_time\" content=\"2026-04-30T21:45:35+00:00\" \/>\n<meta property=\"og:image\" content=\"https:\/\/www.michiganballroomteam.com\/wp-content\/uploads\/2019\/06\/cropped-theONE-1.gif\" \/>\n\t<meta property=\"og:image:width\" content=\"401\" \/>\n\t<meta property=\"og:image:height\" content=\"401\" \/>\n\t<meta property=\"og:image:type\" content=\"image\/gif\" \/>\n<meta name=\"twitter:card\" content=\"summary_large_image\" \/>\n<meta name=\"twitter:site\" content=\"@uofmballroom\" \/>\n<meta name=\"twitter:label1\" content=\"Est. reading time\" \/>\n\t<meta name=\"twitter:data1\" content=\"1 minute\" \/>\n<script type=\"application\/ld+json\" class=\"yoast-schema-graph\">{\"@context\":\"https:\/\/schema.org\",\"@graph\":[{\"@type\":\"WebPage\",\"@id\":\"https:\/\/www.michiganballroomteam.com\/?page_id=588\",\"url\":\"https:\/\/www.michiganballroomteam.com\/?page_id=588\",\"name\":\"American Rumba - Michigan Ballroom Dance Team\",\"isPartOf\":{\"@id\":\"https:\/\/www.michiganballroomteam.com\/#website\"},\"datePublished\":\"2015-07-14T07:55:52+00:00\",\"dateModified\":\"2026-04-30T21:45:35+00:00\",\"breadcrumb\":{\"@id\":\"https:\/\/www.michiganballroomteam.com\/?page_id=588#breadcrumb\"},\"inLanguage\":\"en\",\"potentialAction\":[{\"@type\":\"ReadAction\",\"target\":[\"https:\/\/www.michiganballroomteam.com\/?page_id=588\"]}]},{\"@type\":\"BreadcrumbList\",\"@id\":\"https:\/\/www.michiganballroomteam.com\/?page_id=588#breadcrumb\",\"itemListElement\":[{\"@type\":\"ListItem\",\"position\":1,\"name\":\"Home\",\"item\":\"https:\/\/www.michiganballroomteam.com\/\"},{\"@type\":\"ListItem\",\"position\":2,\"name\":\"Music\",\"item\":\"https:\/\/www.michiganballroomteam.com\/?page_id=581\"},{\"@type\":\"ListItem\",\"position\":3,\"name\":\"American Rumba\"}]},{\"@type\":\"WebSite\",\"@id\":\"https:\/\/www.michiganballroomteam.com\/#website\",\"url\":\"https:\/\/www.michiganballroomteam.com\/\",\"name\":\"Michigan Ballroom Dance Team\",\"description\":\"\",\"publisher\":{\"@id\":\"https:\/\/www.michiganballroomteam.com\/#organization\"},\"potentialAction\":[{\"@type\":\"SearchAction\",\"target\":{\"@type\":\"EntryPoint\",\"urlTemplate\":\"https:\/\/www.michiganballroomteam.com\/?s={search_term_string}\"},\"query-input\":\"required name=search_term_string\"}],\"inLanguage\":\"en\"},{\"@type\":\"Organization\",\"@id\":\"https:\/\/www.michiganballroomteam.com\/#organization\",\"name\":\"Michigan Ballroom Dance Team\",\"url\":\"https:\/\/www.michiganballroomteam.com\/\",\"logo\":{\"@type\":\"ImageObject\",\"inLanguage\":\"en\",\"@id\":\"https:\/\/www.michiganballroomteam.com\/#\/schema\/logo\/image\/\",\"url\":\"https:\/\/www.michiganballroomteam.com\/wp-content\/uploads\/2019\/06\/cropped-theONE-1.gif\",\"contentUrl\":\"https:\/\/www.michiganballroomteam.com\/wp-content\/uploads\/2019\/06\/cropped-theONE-1.gif\",\"width\":401,\"height\":401,\"caption\":\"Michigan Ballroom Dance Team\"},\"image\":{\"@id\":\"https:\/\/www.michiganballroomteam.com\/#\/schema\/logo\/image\/\"},\"sameAs\":[\"https:\/\/www.facebook.com\/UMBDT\",\"https:\/\/x.com\/uofmballroom\"]}]}<\/script>\n<!-- \/ Yoast SEO plugin. -->","yoast_head_json":{"title":"American Rumba - Michigan Ballroom Dance Team","robots":{"index":"index","follow":"follow","max-snippet":"max-snippet:-1","max-image-preview":"max-image-preview:large","max-video-preview":"max-video-preview:-1"},"canonical":"https:\/\/www.michiganballroomteam.com\/?page_id=588","og_locale":"en_US","og_type":"article","og_title":"American Rumba - Michigan Ballroom Dance Team","og_url":"https:\/\/www.michiganballroomteam.com\/?page_id=588","og_site_name":"Michigan Ballroom Dance Team","article_publisher":"https:\/\/www.facebook.com\/UMBDT","article_modified_time":"2026-04-30T21:45:35+00:00","og_image":[{"width":401,"height":401,"url":"https:\/\/www.michiganballroomteam.com\/wp-content\/uploads\/2019\/06\/cropped-theONE-1.gif","type":"image\/gif"}],"twitter_card":"summary_large_image","twitter_site":"@uofmballroom","twitter_misc":{"Est. reading time":"1 minute"},"schema":{"@context":"https:\/\/schema.org","@graph":[{"@type":"WebPage","@id":"https:\/\/www.michiganballroomteam.com\/?page_id=588","url":"https:\/\/www.michiganballroomteam.com\/?page_id=588","name":"American Rumba - Michigan Ballroom Dance Team","isPartOf":{"@id":"https:\/\/www.michiganballroomteam.com\/#website"},"datePublished":"2015-07-14T07:55:52+00:00","dateModified":"2026-04-30T21:45:35+00:00","breadcrumb":{"@id":"https:\/\/www.michiganballroomteam.com\/?page_id=588#breadcrumb"},"inLanguage":"en","potentialAction":[{"@type":"ReadAction","target":["https:\/\/www.michiganballroomteam.com\/?page_id=588"]}]},{"@type":"BreadcrumbList","@id":"https:\/\/www.michiganballroomteam.com\/?page_id=588#breadcrumb","itemListElement":[{"@type":"ListItem","position":1,"name":"Home","item":"https:\/\/www.michiganballroomteam.com\/"},{"@type":"ListItem","position":2,"name":"Music","item":"https:\/\/www.michiganballroomteam.com\/?page_id=581"},{"@type":"ListItem","position":3,"name":"American Rumba"}]},{"@type":"WebSite","@id":"https:\/\/www.michiganballroomteam.com\/#website","url":"https:\/\/www.michiganballroomteam.com\/","name":"Michigan Ballroom Dance Team","description":"","publisher":{"@id":"https:\/\/www.michiganballroomteam.com\/#organization"},"potentialAction":[{"@type":"SearchAction","target":{"@type":"EntryPoint","urlTemplate":"https:\/\/www.michiganballroomteam.com\/?s={search_term_string}"},"query-input":"required name=search_term_string"}],"inLanguage":"en"},{"@type":"Organization","@id":"https:\/\/www.michiganballroomteam.com\/#organization","name":"Michigan Ballroom Dance Team","url":"https:\/\/www.michiganballroomteam.com\/","logo":{"@type":"ImageObject","inLanguage":"en","@id":"https:\/\/www.michiganballroomteam.com\/#\/schema\/logo\/image\/","url":"https:\/\/www.michiganballroomteam.com\/wp-content\/uploads\/2019\/06\/cropped-theONE-1.gif","contentUrl":"https:\/\/www.michiganballroomteam.com\/wp-content\/uploads\/2019\/06\/cropped-theONE-1.gif","width":401,"height":401,"caption":"Michigan Ballroom Dance Team"},"image":{"@id":"https:\/\/www.michiganballroomteam.com\/#\/schema\/logo\/image\/"},"sameAs":["https:\/\/www.facebook.com\/UMBDT","https:\/\/x.com\/uofmballroom"]}]}},"featured_media_urls":[],"_links":{"self":[{"href":"https:\/\/www.michiganballroomteam.com\/index.php?rest_route=\/wp\/v2\/pages\/588"}],"collection":[{"href":"https:\/\/www.michiganballroomteam.com\/index.php?rest_route=\/wp\/v2\/pages"}],"about":[{"href":"https:\/\/www.michiganballroomteam.com\/index.php?rest_route=\/wp\/v2\/types\/page"}],"author":[{"embeddable":true,"href":"https:\/\/www.michiganballroomteam.com\/index.php?rest_route=\/wp\/v2\/users\/1"}],"replies":[{"embeddable":true,"href":"https:\/\/www.michiganballroomteam.com\/index.php?rest_route=%2Fwp%2Fv2%2Fcomments&post=588"}],"version-history":[{"count":4,"href":"https:\/\/www.michiganballroomteam.com\/index.php?rest_route=\/wp\/v2\/pages\/588\/revisions"}],"predecessor-version":[{"id":6391,"href":"https:\/\/www.michiganballroomteam.com\/index.php?rest_route=\/wp\/v2\/pages\/588\/revisions\/6391"}],"up":[{"embeddable":true,"href":"https:\/\/www.michiganballroomteam.com\/index.php?rest_route=\/wp\/v2\/pages\/581"}],"wp:attachment":[{"href":"https:\/\/www.michiganballroomteam.com\/index.php?rest_route=%2Fwp%2Fv2%2Fmedia&parent=588"}],"curies":[{"name":"wp","href":"https:\/\/api.w.org\/{rel}","templated":true}]}}